{"id":1604,"date":"2023-05-15T10:23:16","date_gmt":"2023-05-15T10:23:16","guid":{"rendered":"https:\/\/amble-sellier.com\/?page_id=1604"},"modified":"2024-09-27T13:23:02","modified_gmt":"2024-09-27T13:23:02","slug":"a-propos-amble-sellier-artisan-sellier-harnacheur-briderie-selles-sur-mesure-reparation-saddle-fitting-equitation-equestre-bridon-bride-side-pull-sangle-etrivieres-ceinture-cavecon-licol-selle-harnach","status":"publish","type":"page","link":"https:\/\/amble-sellier.com\/index.php\/a-propos-amble-sellier-artisan-sellier-harnacheur-briderie-selles-sur-mesure-reparation-saddle-fitting-equitation-equestre-bridon-bride-side-pull-sangle-etrivieres-ceinture-cavecon-licol-selle-harnach\/","title":{"rendered":"A PROPOS"},"content":{"rendered":"\t\t<div data-elementor-type=\"wp-page\" data-elementor-id=\"1604\" class=\"elementor elementor-1604\">\n\t\t\t\t\t\t\t\t\t<section class=\"elementor-section elementor-top-section elementor-element elementor-element-279491d4 elementor-section-boxed elementor-section-height-default elementor-section-height-default wpr-particle-no wpr-jarallax-no wpr-parallax-no wpr-sticky-section-no\" data-id=\"279491d4\" data-element_type=\"section\" data-settings=\"{&quot;background_background&quot;:&quot;classic&quot;}\" data-e-bg-lazyload=\"\">\n\t\t\t\t\t\t\t<div class=\"elementor-background-overlay\"><\/div>\n\t\t\t\t\t\t\t<div class=\"elementor-container elementor-column-gap-default\">\n\t\t\t\t\t<div class=\"elementor-column elementor-col-100 elementor-top-column elementor-element elementor-element-7bd3d7e6\" data-id=\"7bd3d7e6\" data-element_type=\"column\">\n\t\t\t<div class=\"elementor-widget-wrap elementor-element-populated\">\n\t\t\t\t\t\t\t\t<div class=\"elementor-element elementor-element-583b12da elementor-widget elementor-widget-heading\" data-id=\"583b12da\" data-element_type=\"widget\" data-widget_type=\"heading.default\">\n\t\t\t\t<div class=\"elementor-widget-container\">\n\t\t\t<style>\/*! elementor - v3.15.0 - 09-08-2023 *\/\n.elementor-heading-title{padding:0;margin:0;line-height:1}.elementor-widget-heading .elementor-heading-title[class*=elementor-size-]>a{color:inherit;font-size:inherit;line-height:inherit}.elementor-widget-heading .elementor-heading-title.elementor-size-small{font-size:15px}.elementor-widget-heading .elementor-heading-title.elementor-size-medium{font-size:19px}.elementor-widget-heading .elementor-heading-title.elementor-size-large{font-size:29px}.elementor-widget-heading .elementor-heading-title.elementor-size-xl{font-size:39px}.elementor-widget-heading .elementor-heading-title.elementor-size-xxl{font-size:59px}<\/style><h1 class=\"elementor-heading-title elementor-size-default\">A PROPOS<\/h1>\t\t<\/div>\n\t\t\t\t<\/div>\n\t\t\t\t\t<\/div>\n\t\t<\/div>\n\t\t\t\t\t\t\t<\/div>\n\t\t<\/section>\n\t\t\t\t<section class=\"elementor-section elementor-top-section elementor-element elementor-element-5bb914e0 elementor-section-content-middle elementor-section-boxed elementor-section-height-default elementor-section-height-default wpr-particle-no wpr-jarallax-no wpr-parallax-no wpr-sticky-section-no\" data-id=\"5bb914e0\" data-element_type=\"section\" data-settings=\"{&quot;background_background&quot;:&quot;classic&quot;}\">\n\t\t\t\t\t\t\t<div class=\"elementor-background-overlay\"><\/div>\n\t\t\t\t\t\t\t<div class=\"elementor-container elementor-column-gap-no\">\n\t\t\t\t\t<div class=\"elementor-column elementor-col-100 elementor-top-column elementor-element elementor-element-4d8ae86\" data-id=\"4d8ae86\" data-element_type=\"column\">\n\t\t\t<div class=\"elementor-widget-wrap elementor-element-populated\">\n\t\t\t\t\t\t\t\t<div class=\"elementor-element elementor-element-3817a48a elementor-widget elementor-widget-heading\" data-id=\"3817a48a\" data-element_type=\"widget\" data-widget_type=\"heading.default\">\n\t\t\t\t<div class=\"elementor-widget-container\">\n\t\t\t<h2 class=\"elementor-heading-title elementor-size-default\">A PROPOS<\/h2>\t\t<\/div>\n\t\t\t\t<\/div>\n\t\t\t\t<div class=\"elementor-element elementor-element-155237aa elementor-widget-divider--view-line_text elementor-widget-divider--element-align-left elementor-widget elementor-widget-divider\" data-id=\"155237aa\" data-element_type=\"widget\" data-widget_type=\"divider.default\">\n\t\t\t\t<div class=\"elementor-widget-container\">\n\t\t\t<style>\/*! elementor - v3.15.0 - 09-08-2023 *\/\n.elementor-widget-divider{--divider-border-style:none;--divider-border-width:1px;--divider-color:#0c0d0e;--divider-icon-size:20px;--divider-element-spacing:10px;--divider-pattern-height:24px;--divider-pattern-size:20px;--divider-pattern-url:none;--divider-pattern-repeat:repeat-x}.elementor-widget-divider .elementor-divider{display:flex}.elementor-widget-divider .elementor-divider__text{font-size:15px;line-height:1;max-width:95%}.elementor-widget-divider .elementor-divider__element{margin:0 var(--divider-element-spacing);flex-shrink:0}.elementor-widget-divider .elementor-icon{font-size:var(--divider-icon-size)}.elementor-widget-divider .elementor-divider-separator{display:flex;margin:0;direction:ltr}.elementor-widget-divider--view-line_icon .elementor-divider-separator,.elementor-widget-divider--view-line_text .elementor-divider-separator{align-items:center}.elementor-widget-divider--view-line_icon .elementor-divider-separator:after,.elementor-widget-divider--view-line_icon .elementor-divider-separator:before,.elementor-widget-divider--view-line_text .elementor-divider-separator:after,.elementor-widget-divider--view-line_text .elementor-divider-separator:before{display:block;content:\"\";border-bottom:0;flex-grow:1;border-top:var(--divider-border-width) var(--divider-border-style) var(--divider-color)}.elementor-widget-divider--element-align-left .elementor-divider .elementor-divider-separator>.elementor-divider__svg:first-of-type{flex-grow:0;flex-shrink:100}.elementor-widget-divider--element-align-left .elementor-divider-separator:before{content:none}.elementor-widget-divider--element-align-left .elementor-divider__element{margin-left:0}.elementor-widget-divider--element-align-right .elementor-divider .elementor-divider-separator>.elementor-divider__svg:last-of-type{flex-grow:0;flex-shrink:100}.elementor-widget-divider--element-align-right .elementor-divider-separator:after{content:none}.elementor-widget-divider--element-align-right .elementor-divider__element{margin-right:0}.elementor-widget-divider:not(.elementor-widget-divider--view-line_text):not(.elementor-widget-divider--view-line_icon) .elementor-divider-separator{border-top:var(--divider-border-width) var(--divider-border-style) var(--divider-color)}.elementor-widget-divider--separator-type-pattern{--divider-border-style:none}.elementor-widget-divider--separator-type-pattern.elementor-widget-divider--view-line .elementor-divider-separator,.elementor-widget-divider--separator-type-pattern:not(.elementor-widget-divider--view-line) .elementor-divider-separator:after,.elementor-widget-divider--separator-type-pattern:not(.elementor-widget-divider--view-line) .elementor-divider-separator:before,.elementor-widget-divider--separator-type-pattern:not([class*=elementor-widget-divider--view]) .elementor-divider-separator{width:100%;min-height:var(--divider-pattern-height);-webkit-mask-size:var(--divider-pattern-size) 100%;mask-size:var(--divider-pattern-size) 100%;-webkit-mask-repeat:var(--divider-pattern-repeat);mask-repeat:var(--divider-pattern-repeat);background-color:var(--divider-color);-webkit-mask-image:var(--divider-pattern-url);mask-image:var(--divider-pattern-url)}.elementor-widget-divider--no-spacing{--divider-pattern-size:auto}.elementor-widget-divider--bg-round{--divider-pattern-repeat:round}.rtl .elementor-widget-divider .elementor-divider__text{direction:rtl}.e-con-inner>.elementor-widget-divider,.e-con>.elementor-widget-divider{width:var(--container-widget-width,100%);--flex-grow:var(--container-widget-flex-grow)}<\/style>\t\t<div class=\"elementor-divider\">\n\t\t\t<span class=\"elementor-divider-separator\">\n\t\t\t\t\t\t<\/span>\n\t\t<\/div>\n\t\t\t\t<\/div>\n\t\t\t\t<\/div>\n\t\t\t\t<div class=\"elementor-element elementor-element-3662edf3 elementor-widget elementor-widget-image-box\" data-id=\"3662edf3\" data-element_type=\"widget\" data-widget_type=\"image-box.default\">\n\t\t\t\t<div class=\"elementor-widget-container\">\n\t\t\t<style>\/*! elementor - v3.15.0 - 09-08-2023 *\/\n.elementor-widget-image-box .elementor-image-box-content{width:100%}@media (min-width:768px){.elementor-widget-image-box.elementor-position-left .elementor-image-box-wrapper,.elementor-widget-image-box.elementor-position-right .elementor-image-box-wrapper{display:flex}.elementor-widget-image-box.elementor-position-right .elementor-image-box-wrapper{text-align:right;flex-direction:row-reverse}.elementor-widget-image-box.elementor-position-left .elementor-image-box-wrapper{text-align:left;flex-direction:row}.elementor-widget-image-box.elementor-position-top .elementor-image-box-img{margin:auto}.elementor-widget-image-box.elementor-vertical-align-top .elementor-image-box-wrapper{align-items:flex-start}.elementor-widget-image-box.elementor-vertical-align-middle .elementor-image-box-wrapper{align-items:center}.elementor-widget-image-box.elementor-vertical-align-bottom .elementor-image-box-wrapper{align-items:flex-end}}@media (max-width:767px){.elementor-widget-image-box .elementor-image-box-img{margin-left:auto!important;margin-right:auto!important;margin-bottom:15px}}.elementor-widget-image-box .elementor-image-box-img{display:inline-block}.elementor-widget-image-box .elementor-image-box-title a{color:inherit}.elementor-widget-image-box .elementor-image-box-wrapper{text-align:center}.elementor-widget-image-box .elementor-image-box-description{margin:0}<\/style><div class=\"elementor-image-box-wrapper\"><div class=\"elementor-image-box-content\"><h2 class=\"elementor-image-box-title\"><span style=\"font-family: &quot;Noto Sans&quot;, sans-serif; font-size: 16px; font-weight: 400; text-transform: none;\">AMBLE Sellier, c'est avant tout une histoire d'amour pour le patrimoine et l'artisanat fran\u00e7ais, son savoir-faire et sa qualit\u00e9. <\/span><br><span style=\"font-family: &quot;Noto Sans&quot;, sans-serif; font-size: 16px; font-weight: 400; text-transform: none;\">Les articles con\u00e7us dans notre atelier sont uniques, issus de cuirs de bovin pleine fleur de premi\u00e8re qualit\u00e9 au tannage v\u00e9g\u00e9tal (sauf exceptions n\u00e9cessitant un autre tannage) et enti\u00e8rement confectionn\u00e9s \u00e0 la main dans le respect de traditions vieilles de plusieurs si\u00e8cles. <\/span><br><span style=\"font-family: &quot;Noto Sans&quot;, sans-serif; font-size: 16px; font-weight: 400; text-transform: none;\">AMBLE Sellier vous propose des pi\u00e8ces uniques, personnalisables et \u00e9l\u00e9gantes. Nous travaillons en \u00e9troite collaboration avec nos clients afin de d\u00e9velopper le produit d\u00e9sir\u00e9, tant sur le plan esth\u00e9tique que sur les performances.<\/span><br><span style=\"font-family: &quot;Noto Sans&quot;, sans-serif; font-size: 16px; font-weight: 400; text-transform: none;\">La non-utilisation de machines, du d\u00e9coupage jusqu'\u00e0 l'assemblage, est un choix d\u00e9lib\u00e9r\u00e9 afin de vous proposer des cr\u00e9ations uniques d'une grande r\u00e9sistance et effectu\u00e9es dans le plus grand respect de la tradition fran\u00e7aise. La couture main apporte un cachet suppl\u00e9mentaire \u00e0 ses pi\u00e8ces d'exception que vous ne verrez nulle part ailleurs.<\/span><br><span style=\"font-family: &quot;Noto Sans&quot;, sans-serif; font-size: 16px; font-weight: 400; text-transform: none;\">95% de nos mati\u00e8res premi\u00e8res sont fran\u00e7aises (cuirs, fils, mousses, taquets, etc.) et 5% proviennent de l'union europ\u00e9enne (bouclerie) dans le but de promouvoir au maximum un mode de consommation local et durable.<\/span><\/h2><\/div><\/div>\t\t<\/div>\n\t\t\t\t<\/div>\n\t\t\t\t\t<\/div>\n\t\t<\/div>\n\t\t\t\t\t\t\t<\/div>\n\t\t<\/section>\n\t\t\t\t\t\t\t<\/div>\n\t\t","protected":false},"excerpt":{"rendered":"<p>A PROPOS A PROPOS AMBLE Sellier, c&rsquo;est avant tout une histoire d&rsquo;amour pour le patrimoine et l&rsquo;artisanat fran\u00e7ais, son savoir-faire et sa qualit\u00e9. Les articles con\u00e7us dans notre atelier sont uniques, issus de cuirs de bovin pleine fleur de premi\u00e8re qualit\u00e9 au tannage v\u00e9g\u00e9tal (sauf exceptions n\u00e9cessitant un autre tannage) et enti\u00e8rement confectionn\u00e9s \u00e0 la &hellip;<\/p>\n<p class=\"read-more\"> <a class=\"\" href=\"https:\/\/amble-sellier.com\/index.php\/a-propos-amble-sellier-artisan-sellier-harnacheur-briderie-selles-sur-mesure-reparation-saddle-fitting-equitation-equestre-bridon-bride-side-pull-sangle-etrivieres-ceinture-cavecon-licol-selle-harnach\/\"> <span class=\"screen-reader-text\">A PROPOS<\/span> Lire la suite\u00a0\u00bb<\/a><\/p>\n","protected":false},"author":3,"featured_media":0,"parent":0,"menu_order":0,"comment_status":"closed","ping_status":"closed","template":"","meta":{"_mi_skip_tracking":false,"_monsterinsights_sitenote_active":false,"_monsterinsights_sitenote_note":"","_monsterinsights_sitenote_category":0,"site-sidebar-layout":"no-sidebar","site-content-layout":"page-builder","ast-site-content-layout":"","site-content-style":"default","site-sidebar-style":"default","ast-global-header-display":"","ast-banner-title-visibility":"","ast-main-header-display":"","ast-hfb-above-header-display":"","ast-hfb-below-header-display":"","ast-hfb-mobile-header-display":"","site-post-title":"disabled","ast-breadcrumbs-content":"","ast-featured-img":"disabled","footer-sml-layout":"","theme-transparent-header-meta":"enabled","adv-header-id-meta":"","stick-header-meta":"","header-above-stick-meta":"","header-main-stick-meta":"","header-below-stick-meta":"","astra-migrate-meta-layouts":"","footnotes":""},"class_list":["post-1604","page","type-page","status-publish","hentry"],"yoast_head":"<!-- This site is optimized with the Yoast SEO plugin v20.13 - https:\/\/yoast.com\/wordpress\/plugins\/seo\/ -->\n<title>A propos - AMBLE Sellier - Artisan Sellier Harnacheur<\/title>\n<meta name=\"description\" content=\"AMBLE Sellier, c&#039;est avant tout une histoire d&#039;amour pour le patrimoine et l&#039;artisanat fran\u00e7ais, son savoir-faire et sa qualit\u00e9.\" \/>\n<meta name=\"robots\" content=\"index, follow, max-snippet:-1, max-image-preview:large, max-video-preview:-1\" \/>\n<link rel=\"canonical\" href=\"https:\/\/amble-sellier.com\/index.php\/a-propos-amble-sellier-artisan-sellier-harnacheur-briderie-selles-sur-mesure-reparation-saddle-fitting-equitation-equestre-bridon-bride-side-pull-sangle-etrivieres-ceinture-cavecon-licol-selle-harnach\/\" \/>\n<meta property=\"og:locale\" content=\"fr_FR\" \/>\n<meta property=\"og:type\" content=\"article\" \/>\n<meta property=\"og:title\" content=\"A propos - AMBLE Sellier - Artisan Sellier Harnacheur\" \/>\n<meta property=\"og:description\" content=\"AMBLE Sellier, c&#039;est avant tout une histoire d&#039;amour pour le patrimoine et l&#039;artisanat fran\u00e7ais, son savoir-faire et sa qualit\u00e9.\" \/>\n<meta property=\"og:url\" content=\"https:\/\/amble-sellier.com\/index.php\/a-propos-amble-sellier-artisan-sellier-harnacheur-briderie-selles-sur-mesure-reparation-saddle-fitting-equitation-equestre-bridon-bride-side-pull-sangle-etrivieres-ceinture-cavecon-licol-selle-harnach\/\" \/>\n<meta property=\"og:site_name\" content=\"Amble Sellier\" \/>\n<meta property=\"article:modified_time\" content=\"2024-09-27T13:23:02+00:00\" \/>\n<meta name=\"twitter:card\" content=\"summary_large_image\" \/>\n<meta name=\"twitter:label1\" content=\"Dur\u00e9e de lecture estim\u00e9e\" \/>\n\t<meta name=\"twitter:data1\" content=\"1 minute\" \/>\n<script type=\"application\/ld+json\" class=\"yoast-schema-graph\">{\"@context\":\"https:\/\/schema.org\",\"@graph\":[{\"@type\":\"WebPage\",\"@id\":\"https:\/\/amble-sellier.com\/index.php\/a-propos-amble-sellier-artisan-sellier-harnacheur-briderie-selles-sur-mesure-reparation-saddle-fitting-equitation-equestre-bridon-bride-side-pull-sangle-etrivieres-ceinture-cavecon-licol-selle-harnach\/\",\"url\":\"https:\/\/amble-sellier.com\/index.php\/a-propos-amble-sellier-artisan-sellier-harnacheur-briderie-selles-sur-mesure-reparation-saddle-fitting-equitation-equestre-bridon-bride-side-pull-sangle-etrivieres-ceinture-cavecon-licol-selle-harnach\/\",\"name\":\"A propos - AMBLE Sellier - Artisan Sellier Harnacheur\",\"isPartOf\":{\"@id\":\"https:\/\/amble-sellier.com\/#website\"},\"datePublished\":\"2023-05-15T10:23:16+00:00\",\"dateModified\":\"2024-09-27T13:23:02+00:00\",\"description\":\"AMBLE Sellier, c'est avant tout une histoire d'amour pour le patrimoine et l'artisanat fran\u00e7ais, son savoir-faire et sa qualit\u00e9.\",\"breadcrumb\":{\"@id\":\"https:\/\/amble-sellier.com\/index.php\/a-propos-amble-sellier-artisan-sellier-harnacheur-briderie-selles-sur-mesure-reparation-saddle-fitting-equitation-equestre-bridon-bride-side-pull-sangle-etrivieres-ceinture-cavecon-licol-selle-harnach\/#breadcrumb\"},\"inLanguage\":\"fr-FR\",\"potentialAction\":[{\"@type\":\"ReadAction\",\"target\":[\"https:\/\/amble-sellier.com\/index.php\/a-propos-amble-sellier-artisan-sellier-harnacheur-briderie-selles-sur-mesure-reparation-saddle-fitting-equitation-equestre-bridon-bride-side-pull-sangle-etrivieres-ceinture-cavecon-licol-selle-harnach\/\"]}]},{\"@type\":\"BreadcrumbList\",\"@id\":\"https:\/\/amble-sellier.com\/index.php\/a-propos-amble-sellier-artisan-sellier-harnacheur-briderie-selles-sur-mesure-reparation-saddle-fitting-equitation-equestre-bridon-bride-side-pull-sangle-etrivieres-ceinture-cavecon-licol-selle-harnach\/#breadcrumb\",\"itemListElement\":[{\"@type\":\"ListItem\",\"position\":1,\"name\":\"Accueil\",\"item\":\"https:\/\/amble-sellier.com\/\"},{\"@type\":\"ListItem\",\"position\":2,\"name\":\"A PROPOS\"}]},{\"@type\":\"WebSite\",\"@id\":\"https:\/\/amble-sellier.com\/#website\",\"url\":\"https:\/\/amble-sellier.com\/\",\"name\":\"Amble Sellier\",\"description\":\"SAVOIR-FAIRE ET QUALITE\",\"publisher\":{\"@id\":\"https:\/\/amble-sellier.com\/#organization\"},\"potentialAction\":[{\"@type\":\"SearchAction\",\"target\":{\"@type\":\"EntryPoint\",\"urlTemplate\":\"https:\/\/amble-sellier.com\/?s={search_term_string}\"},\"query-input\":\"required name=search_term_string\"}],\"inLanguage\":\"fr-FR\"},{\"@type\":\"Organization\",\"@id\":\"https:\/\/amble-sellier.com\/#organization\",\"name\":\"Amble Sellier\",\"url\":\"https:\/\/amble-sellier.com\/\",\"logo\":{\"@type\":\"ImageObject\",\"inLanguage\":\"fr-FR\",\"@id\":\"https:\/\/amble-sellier.com\/#\/schema\/logo\/image\/\",\"url\":\"https:\/\/amble-sellier.com\/wp-content\/uploads\/2023\/01\/cropped-LOGO-SANS-FOND-site-scaled.png\",\"contentUrl\":\"https:\/\/amble-sellier.com\/wp-content\/uploads\/2023\/01\/cropped-LOGO-SANS-FOND-site-scaled.png\",\"width\":2560,\"height\":2560,\"caption\":\"Amble Sellier\"},\"image\":{\"@id\":\"https:\/\/amble-sellier.com\/#\/schema\/logo\/image\/\"}}]}<\/script>\n<!-- \/ Yoast SEO plugin. -->","yoast_head_json":{"title":"A propos - AMBLE Sellier - Artisan Sellier Harnacheur","description":"AMBLE Sellier, c'est avant tout une histoire d'amour pour le patrimoine et l'artisanat fran\u00e7ais, son savoir-faire et sa qualit\u00e9.","robots":{"index":"index","follow":"follow","max-snippet":"max-snippet:-1","max-image-preview":"max-image-preview:large","max-video-preview":"max-video-preview:-1"},"canonical":"https:\/\/amble-sellier.com\/index.php\/a-propos-amble-sellier-artisan-sellier-harnacheur-briderie-selles-sur-mesure-reparation-saddle-fitting-equitation-equestre-bridon-bride-side-pull-sangle-etrivieres-ceinture-cavecon-licol-selle-harnach\/","og_locale":"fr_FR","og_type":"article","og_title":"A propos - AMBLE Sellier - Artisan Sellier Harnacheur","og_description":"AMBLE Sellier, c'est avant tout une histoire d'amour pour le patrimoine et l'artisanat fran\u00e7ais, son savoir-faire et sa qualit\u00e9.","og_url":"https:\/\/amble-sellier.com\/index.php\/a-propos-amble-sellier-artisan-sellier-harnacheur-briderie-selles-sur-mesure-reparation-saddle-fitting-equitation-equestre-bridon-bride-side-pull-sangle-etrivieres-ceinture-cavecon-licol-selle-harnach\/","og_site_name":"Amble Sellier","article_modified_time":"2024-09-27T13:23:02+00:00","twitter_card":"summary_large_image","twitter_misc":{"Dur\u00e9e de lecture estim\u00e9e":"1 minute"},"schema":{"@context":"https:\/\/schema.org","@graph":[{"@type":"WebPage","@id":"https:\/\/amble-sellier.com\/index.php\/a-propos-amble-sellier-artisan-sellier-harnacheur-briderie-selles-sur-mesure-reparation-saddle-fitting-equitation-equestre-bridon-bride-side-pull-sangle-etrivieres-ceinture-cavecon-licol-selle-harnach\/","url":"https:\/\/amble-sellier.com\/index.php\/a-propos-amble-sellier-artisan-sellier-harnacheur-briderie-selles-sur-mesure-reparation-saddle-fitting-equitation-equestre-bridon-bride-side-pull-sangle-etrivieres-ceinture-cavecon-licol-selle-harnach\/","name":"A propos - AMBLE Sellier - Artisan Sellier Harnacheur","isPartOf":{"@id":"https:\/\/amble-sellier.com\/#website"},"datePublished":"2023-05-15T10:23:16+00:00","dateModified":"2024-09-27T13:23:02+00:00","description":"AMBLE Sellier, c'est avant tout une histoire d'amour pour le patrimoine et l'artisanat fran\u00e7ais, son savoir-faire et sa qualit\u00e9.","breadcrumb":{"@id":"https:\/\/amble-sellier.com\/index.php\/a-propos-amble-sellier-artisan-sellier-harnacheur-briderie-selles-sur-mesure-reparation-saddle-fitting-equitation-equestre-bridon-bride-side-pull-sangle-etrivieres-ceinture-cavecon-licol-selle-harnach\/#breadcrumb"},"inLanguage":"fr-FR","potentialAction":[{"@type":"ReadAction","target":["https:\/\/amble-sellier.com\/index.php\/a-propos-amble-sellier-artisan-sellier-harnacheur-briderie-selles-sur-mesure-reparation-saddle-fitting-equitation-equestre-bridon-bride-side-pull-sangle-etrivieres-ceinture-cavecon-licol-selle-harnach\/"]}]},{"@type":"BreadcrumbList","@id":"https:\/\/amble-sellier.com\/index.php\/a-propos-amble-sellier-artisan-sellier-harnacheur-briderie-selles-sur-mesure-reparation-saddle-fitting-equitation-equestre-bridon-bride-side-pull-sangle-etrivieres-ceinture-cavecon-licol-selle-harnach\/#breadcrumb","itemListElement":[{"@type":"ListItem","position":1,"name":"Accueil","item":"https:\/\/amble-sellier.com\/"},{"@type":"ListItem","position":2,"name":"A PROPOS"}]},{"@type":"WebSite","@id":"https:\/\/amble-sellier.com\/#website","url":"https:\/\/amble-sellier.com\/","name":"Amble Sellier","description":"SAVOIR-FAIRE ET QUALITE","publisher":{"@id":"https:\/\/amble-sellier.com\/#organization"},"potentialAction":[{"@type":"SearchAction","target":{"@type":"EntryPoint","urlTemplate":"https:\/\/amble-sellier.com\/?s={search_term_string}"},"query-input":"required name=search_term_string"}],"inLanguage":"fr-FR"},{"@type":"Organization","@id":"https:\/\/amble-sellier.com\/#organization","name":"Amble Sellier","url":"https:\/\/amble-sellier.com\/","logo":{"@type":"ImageObject","inLanguage":"fr-FR","@id":"https:\/\/amble-sellier.com\/#\/schema\/logo\/image\/","url":"https:\/\/amble-sellier.com\/wp-content\/uploads\/2023\/01\/cropped-LOGO-SANS-FOND-site-scaled.png","contentUrl":"https:\/\/amble-sellier.com\/wp-content\/uploads\/2023\/01\/cropped-LOGO-SANS-FOND-site-scaled.png","width":2560,"height":2560,"caption":"Amble Sellier"},"image":{"@id":"https:\/\/amble-sellier.com\/#\/schema\/logo\/image\/"}}]}},"_links":{"self":[{"href":"https:\/\/amble-sellier.com\/index.php\/wp-json\/wp\/v2\/pages\/1604","targetHints":{"allow":["GET"]}}],"collection":[{"href":"https:\/\/amble-sellier.com\/index.php\/wp-json\/wp\/v2\/pages"}],"about":[{"href":"https:\/\/amble-sellier.com\/index.php\/wp-json\/wp\/v2\/types\/page"}],"author":[{"embeddable":true,"href":"https:\/\/amble-sellier.com\/index.php\/wp-json\/wp\/v2\/users\/3"}],"replies":[{"embeddable":true,"href":"https:\/\/amble-sellier.com\/index.php\/wp-json\/wp\/v2\/comments?post=1604"}],"version-history":[{"count":127,"href":"https:\/\/amble-sellier.com\/index.php\/wp-json\/wp\/v2\/pages\/1604\/revisions"}],"predecessor-version":[{"id":3804,"href":"https:\/\/amble-sellier.com\/index.php\/wp-json\/wp\/v2\/pages\/1604\/revisions\/3804"}],"wp:attachment":[{"href":"https:\/\/amble-sellier.com\/index.php\/wp-json\/wp\/v2\/media?parent=1604"}],"curies":[{"name":"wp","href":"https:\/\/api.w.org\/{rel}","templated":true}]}}