{"id":1583,"date":"2023-05-15T07:45:23","date_gmt":"2023-05-15T07:45:23","guid":{"rendered":"https:\/\/amble-sellier.com\/?page_id=1583"},"modified":"2023-09-07T03:53:01","modified_gmt":"2023-09-07T03:53:01","slug":"mentions-legales-amble-sellier-artisan-sellier-harnacheur-briderie-selles-sur-mesure-reparation-saddle-fitting-equitation-equestre-bridon-bride-side-pull-sangle-etrivieres-ceinture-cavecon-licol-selle","status":"publish","type":"page","link":"https:\/\/amble-sellier.com\/index.php\/mentions-legales-amble-sellier-artisan-sellier-harnacheur-briderie-selles-sur-mesure-reparation-saddle-fitting-equitation-equestre-bridon-bride-side-pull-sangle-etrivieres-ceinture-cavecon-licol-selle\/","title":{"rendered":"Mentions l\u00e9gales"},"content":{"rendered":"\t\t<div data-elementor-type=\"wp-page\" data-elementor-id=\"1583\" class=\"elementor elementor-1583\">\n\t\t\t\t\t\t\t\t\t<section class=\"elementor-section elementor-top-section elementor-element elementor-element-7a38e626 elementor-section-boxed elementor-section-height-default elementor-section-height-default wpr-particle-no wpr-jarallax-no wpr-parallax-no wpr-sticky-section-no\" data-id=\"7a38e626\" data-element_type=\"section\" data-settings=\"{&quot;background_background&quot;:&quot;classic&quot;}\" data-e-bg-lazyload=\"\">\n\t\t\t\t\t\t\t<div class=\"elementor-background-overlay\"><\/div>\n\t\t\t\t\t\t\t<div class=\"elementor-container elementor-column-gap-default\">\n\t\t\t\t\t<div class=\"elementor-column elementor-col-100 elementor-top-column elementor-element elementor-element-3eaa78b8\" data-id=\"3eaa78b8\" data-element_type=\"column\">\n\t\t\t<div class=\"elementor-widget-wrap elementor-element-populated\">\n\t\t\t\t\t\t\t\t<div class=\"elementor-element elementor-element-2c8fb00f elementor-widget elementor-widget-heading\" data-id=\"2c8fb00f\" data-element_type=\"widget\" data-widget_type=\"heading.default\">\n\t\t\t\t<div class=\"elementor-widget-container\">\n\t\t\t<style>\/*! elementor - v3.15.0 - 09-08-2023 *\/\n.elementor-heading-title{padding:0;margin:0;line-height:1}.elementor-widget-heading .elementor-heading-title[class*=elementor-size-]>a{color:inherit;font-size:inherit;line-height:inherit}.elementor-widget-heading .elementor-heading-title.elementor-size-small{font-size:15px}.elementor-widget-heading .elementor-heading-title.elementor-size-medium{font-size:19px}.elementor-widget-heading .elementor-heading-title.elementor-size-large{font-size:29px}.elementor-widget-heading .elementor-heading-title.elementor-size-xl{font-size:39px}.elementor-widget-heading .elementor-heading-title.elementor-size-xxl{font-size:59px}<\/style><h1 class=\"elementor-heading-title elementor-size-default\">MENTIONS LEGALES<\/h1>\t\t<\/div>\n\t\t\t\t<\/div>\n\t\t\t\t\t<\/div>\n\t\t<\/div>\n\t\t\t\t\t\t\t<\/div>\n\t\t<\/section>\n\t\t\t\t<section class=\"elementor-section elementor-top-section elementor-element elementor-element-67bc5d elementor-section-boxed elementor-section-height-default elementor-section-height-default wpr-particle-no wpr-jarallax-no wpr-parallax-no wpr-sticky-section-no\" data-id=\"67bc5d\" data-element_type=\"section\" data-settings=\"{&quot;background_background&quot;:&quot;classic&quot;}\">\n\t\t\t\t\t\t<div class=\"elementor-container elementor-column-gap-default\">\n\t\t\t\t\t<div class=\"elementor-column elementor-col-100 elementor-top-column elementor-element elementor-element-061e5e6\" data-id=\"061e5e6\" data-element_type=\"column\">\n\t\t\t<div class=\"elementor-widget-wrap elementor-element-populated\">\n\t\t\t\t\t\t\t\t<div class=\"elementor-element elementor-element-be816f2 elementor-widget elementor-widget-text-editor\" data-id=\"be816f2\" data-element_type=\"widget\" data-widget_type=\"text-editor.default\">\n\t\t\t\t<div class=\"elementor-widget-container\">\n\t\t\t<style>\/*! elementor - v3.15.0 - 09-08-2023 *\/\n.elementor-widget-text-editor.elementor-drop-cap-view-stacked .elementor-drop-cap{background-color:#69727d;color:#fff}.elementor-widget-text-editor.elementor-drop-cap-view-framed .elementor-drop-cap{color:#69727d;border:3px solid;background-color:transparent}.elementor-widget-text-editor:not(.elementor-drop-cap-view-default) .elementor-drop-cap{margin-top:8px}.elementor-widget-text-editor:not(.elementor-drop-cap-view-default) .elementor-drop-cap-letter{width:1em;height:1em}.elementor-widget-text-editor .elementor-drop-cap{float:left;text-align:center;line-height:1;font-size:50px}.elementor-widget-text-editor .elementor-drop-cap-letter{display:inline-block}<\/style>\t\t\t\t<div data-hook=\"bgLayers\">\n<div>&nbsp;<\/div>\n<\/div>\n<div data-mesh-id=\"comp-ku6vqiw2inlineContent\" data-testid=\"inline-content\">\n<div data-mesh-id=\"comp-ku6vqiw2inlineContent-gridContainer\" data-testid=\"mesh-container-content\">\n<div data-testid=\"richTextElement\">\n<p>AMBLE Sellier<\/p>\n<p>Dirigeant : Agathe LECACHEUR BRIVES, Artisan Sellier Harnacheur<\/p>\n<p>484 Route de St Michel de Rieufret<\/p>\n<p>33650 SAINT MORILLON<\/p>\n<p>Courriel : contact@amble-sellier.com<\/p>\n<p>T\u00e9l. : 06.76.10.02.05<\/p>\n<p>No. SIRET : 75177898600040<\/p>\n<p>TVA non applicable, art. 293 B du CGI<\/p>\n<p>Responsable publication : Agathe LECACHEUR BRIVES<\/p>\n<\/div>\n<div data-testid=\"richTextElement\">\n<p>H\u00e9bergeur : HOSTINGER<\/p>\n<\/div>\n<\/div>\n<\/div>\t\t\t\t\t\t<\/div>\n\t\t\t\t<\/div>\n\t\t\t\t\t<\/div>\n\t\t<\/div>\n\t\t\t\t\t\t\t<\/div>\n\t\t<\/section>\n\t\t\t\t\t\t\t<\/div>\n\t\t","protected":false},"excerpt":{"rendered":"<p>MENTIONS LEGALES &nbsp; AMBLE Sellier Dirigeant : Agathe LECACHEUR BRIVES, Artisan Sellier Harnacheur 484 Route de St Michel de Rieufret 33650 SAINT MORILLON Courriel : contact@amble-sellier.com T\u00e9l. : 06.76.10.02.05 No. SIRET : 75177898600040 TVA non applicable, art. 293 B du CGI Responsable publication : Agathe LECACHEUR BRIVES H\u00e9bergeur : HOSTINGER<\/p>\n","protected":false},"author":3,"featured_media":0,"parent":0,"menu_order":0,"comment_status":"closed","ping_status":"closed","template":"","meta":{"_mi_skip_tracking":false,"_monsterinsights_sitenote_active":false,"_monsterinsights_sitenote_note":"","_monsterinsights_sitenote_category":0,"site-sidebar-layout":"no-sidebar","site-content-layout":"page-builder","ast-site-content-layout":"","site-content-style":"default","site-sidebar-style":"default","ast-global-header-display":"","ast-banner-title-visibility":"","ast-main-header-display":"","ast-hfb-above-header-display":"","ast-hfb-below-header-display":"","ast-hfb-mobile-header-display":"","site-post-title":"disabled","ast-breadcrumbs-content":"","ast-featured-img":"disabled","footer-sml-layout":"","theme-transparent-header-meta":"enabled","adv-header-id-meta":"","stick-header-meta":"","header-above-stick-meta":"","header-main-stick-meta":"","header-below-stick-meta":"","astra-migrate-meta-layouts":"","footnotes":""},"class_list":["post-1583","page","type-page","status-publish","hentry"],"yoast_head":"<!-- This site is optimized with the Yoast SEO plugin v20.13 - https:\/\/yoast.com\/wordpress\/plugins\/seo\/ -->\n<title>Mentions l\u00e9gales - AMBLE Sellier - Artisan Sellier Harnacheur<\/title>\n<meta name=\"description\" content=\"AMBLE Sellier, Artisan Sellier-Harnacheur bas\u00e9 \u00e0 Bordeaux, vous propose des cr\u00e9ations en cuir sur-mesure pour vos \u00e9quid\u00e9s (selle-briderie).\" \/>\n<meta name=\"robots\" content=\"index, follow, max-snippet:-1, max-image-preview:large, max-video-preview:-1\" \/>\n<link rel=\"canonical\" href=\"https:\/\/amble-sellier.com\/index.php\/mentions-legales-amble-sellier-artisan-sellier-harnacheur-briderie-selles-sur-mesure-reparation-saddle-fitting-equitation-equestre-bridon-bride-side-pull-sangle-etrivieres-ceinture-cavecon-licol-selle\/\" \/>\n<meta property=\"og:locale\" content=\"fr_FR\" \/>\n<meta property=\"og:type\" content=\"article\" \/>\n<meta property=\"og:title\" content=\"Mentions l\u00e9gales - AMBLE Sellier - Artisan Sellier Harnacheur\" \/>\n<meta property=\"og:description\" content=\"AMBLE Sellier, Artisan Sellier-Harnacheur bas\u00e9 \u00e0 Bordeaux, vous propose des cr\u00e9ations en cuir sur-mesure pour vos \u00e9quid\u00e9s (selle-briderie).\" \/>\n<meta property=\"og:url\" content=\"https:\/\/amble-sellier.com\/index.php\/mentions-legales-amble-sellier-artisan-sellier-harnacheur-briderie-selles-sur-mesure-reparation-saddle-fitting-equitation-equestre-bridon-bride-side-pull-sangle-etrivieres-ceinture-cavecon-licol-selle\/\" \/>\n<meta property=\"og:site_name\" content=\"Amble Sellier\" \/>\n<meta property=\"article:modified_time\" content=\"2023-09-07T03:53:01+00:00\" \/>\n<meta name=\"twitter:card\" content=\"summary_large_image\" \/>\n<meta name=\"twitter:label1\" content=\"Dur\u00e9e de lecture estim\u00e9e\" \/>\n\t<meta name=\"twitter:data1\" content=\"1 minute\" \/>\n<script type=\"application\/ld+json\" class=\"yoast-schema-graph\">{\"@context\":\"https:\/\/schema.org\",\"@graph\":[{\"@type\":\"WebPage\",\"@id\":\"https:\/\/amble-sellier.com\/index.php\/mentions-legales-amble-sellier-artisan-sellier-harnacheur-briderie-selles-sur-mesure-reparation-saddle-fitting-equitation-equestre-bridon-bride-side-pull-sangle-etrivieres-ceinture-cavecon-licol-selle\/\",\"url\":\"https:\/\/amble-sellier.com\/index.php\/mentions-legales-amble-sellier-artisan-sellier-harnacheur-briderie-selles-sur-mesure-reparation-saddle-fitting-equitation-equestre-bridon-bride-side-pull-sangle-etrivieres-ceinture-cavecon-licol-selle\/\",\"name\":\"Mentions l\u00e9gales - AMBLE Sellier - Artisan Sellier Harnacheur\",\"isPartOf\":{\"@id\":\"https:\/\/amble-sellier.com\/#website\"},\"datePublished\":\"2023-05-15T07:45:23+00:00\",\"dateModified\":\"2023-09-07T03:53:01+00:00\",\"description\":\"AMBLE Sellier, Artisan Sellier-Harnacheur bas\u00e9 \u00e0 Bordeaux, vous propose des cr\u00e9ations en cuir sur-mesure pour vos \u00e9quid\u00e9s (selle-briderie).\",\"breadcrumb\":{\"@id\":\"https:\/\/amble-sellier.com\/index.php\/mentions-legales-amble-sellier-artisan-sellier-harnacheur-briderie-selles-sur-mesure-reparation-saddle-fitting-equitation-equestre-bridon-bride-side-pull-sangle-etrivieres-ceinture-cavecon-licol-selle\/#breadcrumb\"},\"inLanguage\":\"fr-FR\",\"potentialAction\":[{\"@type\":\"ReadAction\",\"target\":[\"https:\/\/amble-sellier.com\/index.php\/mentions-legales-amble-sellier-artisan-sellier-harnacheur-briderie-selles-sur-mesure-reparation-saddle-fitting-equitation-equestre-bridon-bride-side-pull-sangle-etrivieres-ceinture-cavecon-licol-selle\/\"]}]},{\"@type\":\"BreadcrumbList\",\"@id\":\"https:\/\/amble-sellier.com\/index.php\/mentions-legales-amble-sellier-artisan-sellier-harnacheur-briderie-selles-sur-mesure-reparation-saddle-fitting-equitation-equestre-bridon-bride-side-pull-sangle-etrivieres-ceinture-cavecon-licol-selle\/#breadcrumb\",\"itemListElement\":[{\"@type\":\"ListItem\",\"position\":1,\"name\":\"Accueil\",\"item\":\"https:\/\/amble-sellier.com\/\"},{\"@type\":\"ListItem\",\"position\":2,\"name\":\"Mentions l\u00e9gales\"}]},{\"@type\":\"WebSite\",\"@id\":\"https:\/\/amble-sellier.com\/#website\",\"url\":\"https:\/\/amble-sellier.com\/\",\"name\":\"Amble Sellier\",\"description\":\"SAVOIR-FAIRE ET QUALITE\",\"publisher\":{\"@id\":\"https:\/\/amble-sellier.com\/#organization\"},\"potentialAction\":[{\"@type\":\"SearchAction\",\"target\":{\"@type\":\"EntryPoint\",\"urlTemplate\":\"https:\/\/amble-sellier.com\/?s={search_term_string}\"},\"query-input\":\"required name=search_term_string\"}],\"inLanguage\":\"fr-FR\"},{\"@type\":\"Organization\",\"@id\":\"https:\/\/amble-sellier.com\/#organization\",\"name\":\"Amble Sellier\",\"url\":\"https:\/\/amble-sellier.com\/\",\"logo\":{\"@type\":\"ImageObject\",\"inLanguage\":\"fr-FR\",\"@id\":\"https:\/\/amble-sellier.com\/#\/schema\/logo\/image\/\",\"url\":\"https:\/\/amble-sellier.com\/wp-content\/uploads\/2023\/01\/cropped-LOGO-SANS-FOND-site-scaled.png\",\"contentUrl\":\"https:\/\/amble-sellier.com\/wp-content\/uploads\/2023\/01\/cropped-LOGO-SANS-FOND-site-scaled.png\",\"width\":2560,\"height\":2560,\"caption\":\"Amble Sellier\"},\"image\":{\"@id\":\"https:\/\/amble-sellier.com\/#\/schema\/logo\/image\/\"}}]}<\/script>\n<!-- \/ Yoast SEO plugin. -->","yoast_head_json":{"title":"Mentions l\u00e9gales - AMBLE Sellier - Artisan Sellier Harnacheur","description":"AMBLE Sellier, Artisan Sellier-Harnacheur bas\u00e9 \u00e0 Bordeaux, vous propose des cr\u00e9ations en cuir sur-mesure pour vos \u00e9quid\u00e9s (selle-briderie).","robots":{"index":"index","follow":"follow","max-snippet":"max-snippet:-1","max-image-preview":"max-image-preview:large","max-video-preview":"max-video-preview:-1"},"canonical":"https:\/\/amble-sellier.com\/index.php\/mentions-legales-amble-sellier-artisan-sellier-harnacheur-briderie-selles-sur-mesure-reparation-saddle-fitting-equitation-equestre-bridon-bride-side-pull-sangle-etrivieres-ceinture-cavecon-licol-selle\/","og_locale":"fr_FR","og_type":"article","og_title":"Mentions l\u00e9gales - AMBLE Sellier - Artisan Sellier Harnacheur","og_description":"AMBLE Sellier, Artisan Sellier-Harnacheur bas\u00e9 \u00e0 Bordeaux, vous propose des cr\u00e9ations en cuir sur-mesure pour vos \u00e9quid\u00e9s (selle-briderie).","og_url":"https:\/\/amble-sellier.com\/index.php\/mentions-legales-amble-sellier-artisan-sellier-harnacheur-briderie-selles-sur-mesure-reparation-saddle-fitting-equitation-equestre-bridon-bride-side-pull-sangle-etrivieres-ceinture-cavecon-licol-selle\/","og_site_name":"Amble Sellier","article_modified_time":"2023-09-07T03:53:01+00:00","twitter_card":"summary_large_image","twitter_misc":{"Dur\u00e9e de lecture estim\u00e9e":"1 minute"},"schema":{"@context":"https:\/\/schema.org","@graph":[{"@type":"WebPage","@id":"https:\/\/amble-sellier.com\/index.php\/mentions-legales-amble-sellier-artisan-sellier-harnacheur-briderie-selles-sur-mesure-reparation-saddle-fitting-equitation-equestre-bridon-bride-side-pull-sangle-etrivieres-ceinture-cavecon-licol-selle\/","url":"https:\/\/amble-sellier.com\/index.php\/mentions-legales-amble-sellier-artisan-sellier-harnacheur-briderie-selles-sur-mesure-reparation-saddle-fitting-equitation-equestre-bridon-bride-side-pull-sangle-etrivieres-ceinture-cavecon-licol-selle\/","name":"Mentions l\u00e9gales - AMBLE Sellier - Artisan Sellier Harnacheur","isPartOf":{"@id":"https:\/\/amble-sellier.com\/#website"},"datePublished":"2023-05-15T07:45:23+00:00","dateModified":"2023-09-07T03:53:01+00:00","description":"AMBLE Sellier, Artisan Sellier-Harnacheur bas\u00e9 \u00e0 Bordeaux, vous propose des cr\u00e9ations en cuir sur-mesure pour vos \u00e9quid\u00e9s (selle-briderie).","breadcrumb":{"@id":"https:\/\/amble-sellier.com\/index.php\/mentions-legales-amble-sellier-artisan-sellier-harnacheur-briderie-selles-sur-mesure-reparation-saddle-fitting-equitation-equestre-bridon-bride-side-pull-sangle-etrivieres-ceinture-cavecon-licol-selle\/#breadcrumb"},"inLanguage":"fr-FR","potentialAction":[{"@type":"ReadAction","target":["https:\/\/amble-sellier.com\/index.php\/mentions-legales-amble-sellier-artisan-sellier-harnacheur-briderie-selles-sur-mesure-reparation-saddle-fitting-equitation-equestre-bridon-bride-side-pull-sangle-etrivieres-ceinture-cavecon-licol-selle\/"]}]},{"@type":"BreadcrumbList","@id":"https:\/\/amble-sellier.com\/index.php\/mentions-legales-amble-sellier-artisan-sellier-harnacheur-briderie-selles-sur-mesure-reparation-saddle-fitting-equitation-equestre-bridon-bride-side-pull-sangle-etrivieres-ceinture-cavecon-licol-selle\/#breadcrumb","itemListElement":[{"@type":"ListItem","position":1,"name":"Accueil","item":"https:\/\/amble-sellier.com\/"},{"@type":"ListItem","position":2,"name":"Mentions l\u00e9gales"}]},{"@type":"WebSite","@id":"https:\/\/amble-sellier.com\/#website","url":"https:\/\/amble-sellier.com\/","name":"Amble Sellier","description":"SAVOIR-FAIRE ET QUALITE","publisher":{"@id":"https:\/\/amble-sellier.com\/#organization"},"potentialAction":[{"@type":"SearchAction","target":{"@type":"EntryPoint","urlTemplate":"https:\/\/amble-sellier.com\/?s={search_term_string}"},"query-input":"required name=search_term_string"}],"inLanguage":"fr-FR"},{"@type":"Organization","@id":"https:\/\/amble-sellier.com\/#organization","name":"Amble Sellier","url":"https:\/\/amble-sellier.com\/","logo":{"@type":"ImageObject","inLanguage":"fr-FR","@id":"https:\/\/amble-sellier.com\/#\/schema\/logo\/image\/","url":"https:\/\/amble-sellier.com\/wp-content\/uploads\/2023\/01\/cropped-LOGO-SANS-FOND-site-scaled.png","contentUrl":"https:\/\/amble-sellier.com\/wp-content\/uploads\/2023\/01\/cropped-LOGO-SANS-FOND-site-scaled.png","width":2560,"height":2560,"caption":"Amble Sellier"},"image":{"@id":"https:\/\/amble-sellier.com\/#\/schema\/logo\/image\/"}}]}},"_links":{"self":[{"href":"https:\/\/amble-sellier.com\/index.php\/wp-json\/wp\/v2\/pages\/1583","targetHints":{"allow":["GET"]}}],"collection":[{"href":"https:\/\/amble-sellier.com\/index.php\/wp-json\/wp\/v2\/pages"}],"about":[{"href":"https:\/\/amble-sellier.com\/index.php\/wp-json\/wp\/v2\/types\/page"}],"author":[{"embeddable":true,"href":"https:\/\/amble-sellier.com\/index.php\/wp-json\/wp\/v2\/users\/3"}],"replies":[{"embeddable":true,"href":"https:\/\/amble-sellier.com\/index.php\/wp-json\/wp\/v2\/comments?post=1583"}],"version-history":[{"count":23,"href":"https:\/\/amble-sellier.com\/index.php\/wp-json\/wp\/v2\/pages\/1583\/revisions"}],"predecessor-version":[{"id":3168,"href":"https:\/\/amble-sellier.com\/index.php\/wp-json\/wp\/v2\/pages\/1583\/revisions\/3168"}],"wp:attachment":[{"href":"https:\/\/amble-sellier.com\/index.php\/wp-json\/wp\/v2\/media?parent=1583"}],"curies":[{"name":"wp","href":"https:\/\/api.w.org\/{rel}","templated":true}]}}