{"id":1124,"date":"2023-04-30T15:11:28","date_gmt":"2023-04-30T15:11:28","guid":{"rendered":"https:\/\/amble-sellier.com\/?page_id=1124"},"modified":"2026-03-06T13:06:09","modified_gmt":"2026-03-06T13:06:09","slug":"reparation-amble-sellier-artisan-sellier-harnacheur-briderie-selles-sur-mesure-reparation-saddle-fitting-equitation-equestre-bridon-bride-side-pull-sangle-etrivieres-ceinture-cavecon-licol-selle-harna","status":"publish","type":"page","link":"https:\/\/amble-sellier.com\/index.php\/reparation-amble-sellier-artisan-sellier-harnacheur-briderie-selles-sur-mesure-reparation-saddle-fitting-equitation-equestre-bridon-bride-side-pull-sangle-etrivieres-ceinture-cavecon-licol-selle-harna\/","title":{"rendered":"REPARATIONS"},"content":{"rendered":"\t\t<div data-elementor-type=\"wp-page\" data-elementor-id=\"1124\" class=\"elementor elementor-1124\">\n\t\t\t\t\t\t\t\t\t<section class=\"elementor-section elementor-top-section elementor-element elementor-element-3552d2c elementor-section-boxed elementor-section-height-default elementor-section-height-default wpr-particle-no wpr-jarallax-no wpr-parallax-no wpr-sticky-section-no\" data-id=\"3552d2c\" data-element_type=\"section\" data-settings=\"{&quot;background_background&quot;:&quot;classic&quot;}\" data-e-bg-lazyload=\"\">\n\t\t\t\t\t\t\t<div class=\"elementor-background-overlay\"><\/div>\n\t\t\t\t\t\t\t<div class=\"elementor-container elementor-column-gap-default\">\n\t\t\t\t\t<div class=\"elementor-column elementor-col-100 elementor-top-column elementor-element elementor-element-5f582240\" data-id=\"5f582240\" data-element_type=\"column\">\n\t\t\t<div class=\"elementor-widget-wrap elementor-element-populated\">\n\t\t\t\t\t\t\t\t<div class=\"elementor-element elementor-element-3e450d95 elementor-widget elementor-widget-heading\" data-id=\"3e450d95\" data-element_type=\"widget\" data-widget_type=\"heading.default\">\n\t\t\t\t<div class=\"elementor-widget-container\">\n\t\t\t<style>\/*! elementor - v3.15.0 - 09-08-2023 *\/\n.elementor-heading-title{padding:0;margin:0;line-height:1}.elementor-widget-heading .elementor-heading-title[class*=elementor-size-]>a{color:inherit;font-size:inherit;line-height:inherit}.elementor-widget-heading .elementor-heading-title.elementor-size-small{font-size:15px}.elementor-widget-heading .elementor-heading-title.elementor-size-medium{font-size:19px}.elementor-widget-heading .elementor-heading-title.elementor-size-large{font-size:29px}.elementor-widget-heading .elementor-heading-title.elementor-size-xl{font-size:39px}.elementor-widget-heading .elementor-heading-title.elementor-size-xxl{font-size:59px}<\/style><h1 class=\"elementor-heading-title elementor-size-default\">BOUTIQUE<\/h1>\t\t<\/div>\n\t\t\t\t<\/div>\n\t\t\t\t\t<\/div>\n\t\t<\/div>\n\t\t\t\t\t\t\t<\/div>\n\t\t<\/section>\n\t\t\t\t<section class=\"elementor-section elementor-top-section elementor-element elementor-element-23caf264 elementor-section-content-middle elementor-section-boxed elementor-section-height-default elementor-section-height-default wpr-particle-no wpr-jarallax-no wpr-parallax-no wpr-sticky-section-no\" data-id=\"23caf264\" data-element_type=\"section\" data-settings=\"{&quot;background_background&quot;:&quot;classic&quot;}\">\n\t\t\t\t\t\t\t<div class=\"elementor-background-overlay\"><\/div>\n\t\t\t\t\t\t\t<div class=\"elementor-container elementor-column-gap-no\">\n\t\t\t\t\t<div class=\"elementor-column elementor-col-100 elementor-top-column elementor-element elementor-element-deb8770\" data-id=\"deb8770\" data-element_type=\"column\">\n\t\t\t<div class=\"elementor-widget-wrap elementor-element-populated\">\n\t\t\t\t\t\t<div class=\"elementor-element elementor-element-f5675fa e-grid e-con-boxed wpr-particle-no wpr-jarallax-no wpr-parallax-no wpr-sticky-section-no e-con\" data-id=\"f5675fa\" data-element_type=\"container\" data-settings=\"{&quot;grid_columns_grid&quot;:{&quot;unit&quot;:&quot;fr&quot;,&quot;size&quot;:2,&quot;sizes&quot;:[]},&quot;content_width&quot;:&quot;boxed&quot;,&quot;grid_outline&quot;:&quot;yes&quot;,&quot;grid_columns_grid_tablet&quot;:{&quot;unit&quot;:&quot;fr&quot;,&quot;size&quot;:&quot;&quot;,&quot;sizes&quot;:[]},&quot;grid_columns_grid_mobile&quot;:{&quot;unit&quot;:&quot;fr&quot;,&quot;size&quot;:1,&quot;sizes&quot;:[]},&quot;grid_rows_grid&quot;:{&quot;unit&quot;:&quot;fr&quot;,&quot;size&quot;:2,&quot;sizes&quot;:[]},&quot;grid_rows_grid_tablet&quot;:{&quot;unit&quot;:&quot;fr&quot;,&quot;size&quot;:&quot;&quot;,&quot;sizes&quot;:[]},&quot;grid_rows_grid_mobile&quot;:{&quot;unit&quot;:&quot;fr&quot;,&quot;size&quot;:&quot;&quot;,&quot;sizes&quot;:[]}}\">\n\t\t\t\t\t<div class=\"e-con-inner\">\n\t\t\t\t<div class=\"elementor-element elementor-element-ff04bc4 elementor-widget elementor-widget-image\" data-id=\"ff04bc4\" data-element_type=\"widget\" data-widget_type=\"image.default\">\n\t\t\t\t<div class=\"elementor-widget-container\">\n\t\t\t<style>\/*! elementor - v3.15.0 - 09-08-2023 *\/\n.elementor-widget-image{text-align:center}.elementor-widget-image a{display:inline-block}.elementor-widget-image a img[src$=\".svg\"]{width:48px}.elementor-widget-image img{vertical-align:middle;display:inline-block}<\/style>\t\t\t\t\t\t\t\t\t\t\t\t<img decoding=\"async\" src=\"https:\/\/amble-sellier.com\/wp-content\/plugins\/elementor\/assets\/images\/placeholder.png\" title=\"\" alt=\"\" loading=\"lazy\" \/>\t\t\t\t\t\t\t\t\t\t\t\t\t\t\t<\/div>\n\t\t\t\t<\/div>\n\t\t\t\t<div class=\"elementor-element elementor-element-3cfaa0a elementor-align-left elementor-widget elementor-widget-button\" data-id=\"3cfaa0a\" data-element_type=\"widget\" data-widget_type=\"button.default\">\n\t\t\t\t<div class=\"elementor-widget-container\">\n\t\t\t\t\t<div class=\"elementor-button-wrapper\">\n\t\t\t<a class=\"elementor-button elementor-button-link elementor-size-xl\" href=\"#\">\n\t\t\t\t\t\t<span class=\"elementor-button-content-wrapper\">\n\t\t\t\t\t\t<span class=\"elementor-button-text\">DECOUVRIR<\/span>\n\t\t<\/span>\n\t\t\t\t\t<\/a>\n\t\t<\/div>\n\t\t\t\t<\/div>\n\t\t\t\t<\/div>\n\t\t\t\t<div class=\"elementor-element elementor-element-7be7a1e elementor-widget elementor-widget-button\" data-id=\"7be7a1e\" data-element_type=\"widget\" data-widget_type=\"button.default\">\n\t\t\t\t<div class=\"elementor-widget-container\">\n\t\t\t\t\t<div class=\"elementor-button-wrapper\">\n\t\t\t<a class=\"elementor-button elementor-button-link elementor-size-xl\" href=\"#\">\n\t\t\t\t\t\t<span class=\"elementor-button-content-wrapper\">\n\t\t\t\t\t\t<span class=\"elementor-button-text\">DECOUVRIR<\/span>\n\t\t<\/span>\n\t\t\t\t\t<\/a>\n\t\t<\/div>\n\t\t\t\t<\/div>\n\t\t\t\t<\/div>\n\t\t\t\t<div class=\"elementor-element elementor-element-500c16a elementor-widget elementor-widget-image\" data-id=\"500c16a\" data-element_type=\"widget\" data-widget_type=\"image.default\">\n\t\t\t\t<div class=\"elementor-widget-container\">\n\t\t\t\t\t\t\t\t\t\t\t\t\t\t\t<img decoding=\"async\" src=\"https:\/\/amble-sellier.com\/wp-content\/plugins\/elementor\/assets\/images\/placeholder.png\" title=\"\" alt=\"\" loading=\"lazy\" \/>\t\t\t\t\t\t\t\t\t\t\t\t\t\t\t<\/div>\n\t\t\t\t<\/div>\n\t\t\t\t\t<\/div>\n\t\t\t\t<\/div>\n\t\t\t\t\t<\/div>\n\t\t<\/div>\n\t\t\t\t\t\t\t<\/div>\n\t\t<\/section>\n\t\t\t\t\t\t\t<\/div>\n\t\t","protected":false},"excerpt":{"rendered":"<p>BOUTIQUE DECOUVRIR DECOUVRIR<\/p>\n","protected":false},"author":3,"featured_media":0,"parent":0,"menu_order":0,"comment_status":"closed","ping_status":"closed","template":"","meta":{"_mi_skip_tracking":false,"_monsterinsights_sitenote_active":false,"_monsterinsights_sitenote_note":"","_monsterinsights_sitenote_category":0,"site-sidebar-layout":"no-sidebar","site-content-layout":"page-builder","ast-site-content-layout":"","site-content-style":"default","site-sidebar-style":"default","ast-global-header-display":"","ast-banner-title-visibility":"","ast-main-header-display":"","ast-hfb-above-header-display":"","ast-hfb-below-header-display":"","ast-hfb-mobile-header-display":"","site-post-title":"disabled","ast-breadcrumbs-content":"","ast-featured-img":"disabled","footer-sml-layout":"","theme-transparent-header-meta":"enabled","adv-header-id-meta":"","stick-header-meta":"","header-above-stick-meta":"","header-main-stick-meta":"","header-below-stick-meta":"","astra-migrate-meta-layouts":"","footnotes":""},"class_list":["post-1124","page","type-page","status-publish","hentry"],"yoast_head":"<!-- This site is optimized with the Yoast SEO plugin v20.13 - https:\/\/yoast.com\/wordpress\/plugins\/seo\/ -->\n<title>R\u00e9parations - AMBLE Sellier - Artisan Sellier Harnacheur<\/title>\n<meta name=\"description\" content=\"AMBLE Sellier, Artisan Sellier-Harnacheur bas\u00e9 \u00e0 Bordeaux, vous propose des cr\u00e9ations en cuir sur-mesure pour vos \u00e9quid\u00e9s (selle-briderie).\" \/>\n<meta name=\"robots\" content=\"index, follow, max-snippet:-1, max-image-preview:large, max-video-preview:-1\" \/>\n<link rel=\"canonical\" href=\"https:\/\/amble-sellier.com\/index.php\/reparation-amble-sellier-artisan-sellier-harnacheur-briderie-selles-sur-mesure-reparation-saddle-fitting-equitation-equestre-bridon-bride-side-pull-sangle-etrivieres-ceinture-cavecon-licol-selle-harna\/\" \/>\n<meta property=\"og:locale\" content=\"fr_FR\" \/>\n<meta property=\"og:type\" content=\"article\" \/>\n<meta property=\"og:title\" content=\"R\u00e9parations - AMBLE Sellier - Artisan Sellier Harnacheur\" \/>\n<meta property=\"og:description\" content=\"AMBLE Sellier, Artisan Sellier-Harnacheur bas\u00e9 \u00e0 Bordeaux, vous propose des cr\u00e9ations en cuir sur-mesure pour vos \u00e9quid\u00e9s (selle-briderie).\" \/>\n<meta property=\"og:url\" content=\"https:\/\/amble-sellier.com\/index.php\/reparation-amble-sellier-artisan-sellier-harnacheur-briderie-selles-sur-mesure-reparation-saddle-fitting-equitation-equestre-bridon-bride-side-pull-sangle-etrivieres-ceinture-cavecon-licol-selle-harna\/\" \/>\n<meta property=\"og:site_name\" content=\"Amble Sellier\" \/>\n<meta property=\"article:modified_time\" content=\"2026-03-06T13:06:09+00:00\" \/>\n<meta property=\"og:image\" content=\"https:\/\/amble-sellier.com\/wp-content\/plugins\/elementor\/assets\/images\/placeholder.png\" \/>\n<meta name=\"twitter:card\" content=\"summary_large_image\" \/>\n<meta name=\"twitter:label1\" content=\"Dur\u00e9e de lecture estim\u00e9e\" \/>\n\t<meta name=\"twitter:data1\" content=\"1 minute\" \/>\n<script type=\"application\/ld+json\" class=\"yoast-schema-graph\">{\"@context\":\"https:\/\/schema.org\",\"@graph\":[{\"@type\":\"WebPage\",\"@id\":\"https:\/\/amble-sellier.com\/index.php\/reparation-amble-sellier-artisan-sellier-harnacheur-briderie-selles-sur-mesure-reparation-saddle-fitting-equitation-equestre-bridon-bride-side-pull-sangle-etrivieres-ceinture-cavecon-licol-selle-harna\/\",\"url\":\"https:\/\/amble-sellier.com\/index.php\/reparation-amble-sellier-artisan-sellier-harnacheur-briderie-selles-sur-mesure-reparation-saddle-fitting-equitation-equestre-bridon-bride-side-pull-sangle-etrivieres-ceinture-cavecon-licol-selle-harna\/\",\"name\":\"R\u00e9parations - AMBLE Sellier - Artisan Sellier Harnacheur\",\"isPartOf\":{\"@id\":\"https:\/\/amble-sellier.com\/#website\"},\"datePublished\":\"2023-04-30T15:11:28+00:00\",\"dateModified\":\"2026-03-06T13:06:09+00:00\",\"description\":\"AMBLE Sellier, Artisan Sellier-Harnacheur bas\u00e9 \u00e0 Bordeaux, vous propose des cr\u00e9ations en cuir sur-mesure pour vos \u00e9quid\u00e9s (selle-briderie).\",\"breadcrumb\":{\"@id\":\"https:\/\/amble-sellier.com\/index.php\/reparation-amble-sellier-artisan-sellier-harnacheur-briderie-selles-sur-mesure-reparation-saddle-fitting-equitation-equestre-bridon-bride-side-pull-sangle-etrivieres-ceinture-cavecon-licol-selle-harna\/#breadcrumb\"},\"inLanguage\":\"fr-FR\",\"potentialAction\":[{\"@type\":\"ReadAction\",\"target\":[\"https:\/\/amble-sellier.com\/index.php\/reparation-amble-sellier-artisan-sellier-harnacheur-briderie-selles-sur-mesure-reparation-saddle-fitting-equitation-equestre-bridon-bride-side-pull-sangle-etrivieres-ceinture-cavecon-licol-selle-harna\/\"]}]},{\"@type\":\"BreadcrumbList\",\"@id\":\"https:\/\/amble-sellier.com\/index.php\/reparation-amble-sellier-artisan-sellier-harnacheur-briderie-selles-sur-mesure-reparation-saddle-fitting-equitation-equestre-bridon-bride-side-pull-sangle-etrivieres-ceinture-cavecon-licol-selle-harna\/#breadcrumb\",\"itemListElement\":[{\"@type\":\"ListItem\",\"position\":1,\"name\":\"Accueil\",\"item\":\"https:\/\/amble-sellier.com\/\"},{\"@type\":\"ListItem\",\"position\":2,\"name\":\"REPARATIONS\"}]},{\"@type\":\"WebSite\",\"@id\":\"https:\/\/amble-sellier.com\/#website\",\"url\":\"https:\/\/amble-sellier.com\/\",\"name\":\"Amble Sellier\",\"description\":\"SAVOIR-FAIRE ET QUALITE\",\"publisher\":{\"@id\":\"https:\/\/amble-sellier.com\/#organization\"},\"potentialAction\":[{\"@type\":\"SearchAction\",\"target\":{\"@type\":\"EntryPoint\",\"urlTemplate\":\"https:\/\/amble-sellier.com\/?s={search_term_string}\"},\"query-input\":\"required name=search_term_string\"}],\"inLanguage\":\"fr-FR\"},{\"@type\":\"Organization\",\"@id\":\"https:\/\/amble-sellier.com\/#organization\",\"name\":\"Amble Sellier\",\"url\":\"https:\/\/amble-sellier.com\/\",\"logo\":{\"@type\":\"ImageObject\",\"inLanguage\":\"fr-FR\",\"@id\":\"https:\/\/amble-sellier.com\/#\/schema\/logo\/image\/\",\"url\":\"https:\/\/amble-sellier.com\/wp-content\/uploads\/2023\/01\/cropped-LOGO-SANS-FOND-site-scaled.png\",\"contentUrl\":\"https:\/\/amble-sellier.com\/wp-content\/uploads\/2023\/01\/cropped-LOGO-SANS-FOND-site-scaled.png\",\"width\":2560,\"height\":2560,\"caption\":\"Amble Sellier\"},\"image\":{\"@id\":\"https:\/\/amble-sellier.com\/#\/schema\/logo\/image\/\"}}]}<\/script>\n<!-- \/ Yoast SEO plugin. -->","yoast_head_json":{"title":"R\u00e9parations - AMBLE Sellier - Artisan Sellier Harnacheur","description":"AMBLE Sellier, Artisan Sellier-Harnacheur bas\u00e9 \u00e0 Bordeaux, vous propose des cr\u00e9ations en cuir sur-mesure pour vos \u00e9quid\u00e9s (selle-briderie).","robots":{"index":"index","follow":"follow","max-snippet":"max-snippet:-1","max-image-preview":"max-image-preview:large","max-video-preview":"max-video-preview:-1"},"canonical":"https:\/\/amble-sellier.com\/index.php\/reparation-amble-sellier-artisan-sellier-harnacheur-briderie-selles-sur-mesure-reparation-saddle-fitting-equitation-equestre-bridon-bride-side-pull-sangle-etrivieres-ceinture-cavecon-licol-selle-harna\/","og_locale":"fr_FR","og_type":"article","og_title":"R\u00e9parations - AMBLE Sellier - Artisan Sellier Harnacheur","og_description":"AMBLE Sellier, Artisan Sellier-Harnacheur bas\u00e9 \u00e0 Bordeaux, vous propose des cr\u00e9ations en cuir sur-mesure pour vos \u00e9quid\u00e9s (selle-briderie).","og_url":"https:\/\/amble-sellier.com\/index.php\/reparation-amble-sellier-artisan-sellier-harnacheur-briderie-selles-sur-mesure-reparation-saddle-fitting-equitation-equestre-bridon-bride-side-pull-sangle-etrivieres-ceinture-cavecon-licol-selle-harna\/","og_site_name":"Amble Sellier","article_modified_time":"2026-03-06T13:06:09+00:00","og_image":[{"url":"https:\/\/amble-sellier.com\/wp-content\/plugins\/elementor\/assets\/images\/placeholder.png"}],"twitter_card":"summary_large_image","twitter_misc":{"Dur\u00e9e de lecture estim\u00e9e":"1 minute"},"schema":{"@context":"https:\/\/schema.org","@graph":[{"@type":"WebPage","@id":"https:\/\/amble-sellier.com\/index.php\/reparation-amble-sellier-artisan-sellier-harnacheur-briderie-selles-sur-mesure-reparation-saddle-fitting-equitation-equestre-bridon-bride-side-pull-sangle-etrivieres-ceinture-cavecon-licol-selle-harna\/","url":"https:\/\/amble-sellier.com\/index.php\/reparation-amble-sellier-artisan-sellier-harnacheur-briderie-selles-sur-mesure-reparation-saddle-fitting-equitation-equestre-bridon-bride-side-pull-sangle-etrivieres-ceinture-cavecon-licol-selle-harna\/","name":"R\u00e9parations - AMBLE Sellier - Artisan Sellier Harnacheur","isPartOf":{"@id":"https:\/\/amble-sellier.com\/#website"},"datePublished":"2023-04-30T15:11:28+00:00","dateModified":"2026-03-06T13:06:09+00:00","description":"AMBLE Sellier, Artisan Sellier-Harnacheur bas\u00e9 \u00e0 Bordeaux, vous propose des cr\u00e9ations en cuir sur-mesure pour vos \u00e9quid\u00e9s (selle-briderie).","breadcrumb":{"@id":"https:\/\/amble-sellier.com\/index.php\/reparation-amble-sellier-artisan-sellier-harnacheur-briderie-selles-sur-mesure-reparation-saddle-fitting-equitation-equestre-bridon-bride-side-pull-sangle-etrivieres-ceinture-cavecon-licol-selle-harna\/#breadcrumb"},"inLanguage":"fr-FR","potentialAction":[{"@type":"ReadAction","target":["https:\/\/amble-sellier.com\/index.php\/reparation-amble-sellier-artisan-sellier-harnacheur-briderie-selles-sur-mesure-reparation-saddle-fitting-equitation-equestre-bridon-bride-side-pull-sangle-etrivieres-ceinture-cavecon-licol-selle-harna\/"]}]},{"@type":"BreadcrumbList","@id":"https:\/\/amble-sellier.com\/index.php\/reparation-amble-sellier-artisan-sellier-harnacheur-briderie-selles-sur-mesure-reparation-saddle-fitting-equitation-equestre-bridon-bride-side-pull-sangle-etrivieres-ceinture-cavecon-licol-selle-harna\/#breadcrumb","itemListElement":[{"@type":"ListItem","position":1,"name":"Accueil","item":"https:\/\/amble-sellier.com\/"},{"@type":"ListItem","position":2,"name":"REPARATIONS"}]},{"@type":"WebSite","@id":"https:\/\/amble-sellier.com\/#website","url":"https:\/\/amble-sellier.com\/","name":"Amble Sellier","description":"SAVOIR-FAIRE ET QUALITE","publisher":{"@id":"https:\/\/amble-sellier.com\/#organization"},"potentialAction":[{"@type":"SearchAction","target":{"@type":"EntryPoint","urlTemplate":"https:\/\/amble-sellier.com\/?s={search_term_string}"},"query-input":"required name=search_term_string"}],"inLanguage":"fr-FR"},{"@type":"Organization","@id":"https:\/\/amble-sellier.com\/#organization","name":"Amble Sellier","url":"https:\/\/amble-sellier.com\/","logo":{"@type":"ImageObject","inLanguage":"fr-FR","@id":"https:\/\/amble-sellier.com\/#\/schema\/logo\/image\/","url":"https:\/\/amble-sellier.com\/wp-content\/uploads\/2023\/01\/cropped-LOGO-SANS-FOND-site-scaled.png","contentUrl":"https:\/\/amble-sellier.com\/wp-content\/uploads\/2023\/01\/cropped-LOGO-SANS-FOND-site-scaled.png","width":2560,"height":2560,"caption":"Amble Sellier"},"image":{"@id":"https:\/\/amble-sellier.com\/#\/schema\/logo\/image\/"}}]}},"_links":{"self":[{"href":"https:\/\/amble-sellier.com\/index.php\/wp-json\/wp\/v2\/pages\/1124","targetHints":{"allow":["GET"]}}],"collection":[{"href":"https:\/\/amble-sellier.com\/index.php\/wp-json\/wp\/v2\/pages"}],"about":[{"href":"https:\/\/amble-sellier.com\/index.php\/wp-json\/wp\/v2\/types\/page"}],"author":[{"embeddable":true,"href":"https:\/\/amble-sellier.com\/index.php\/wp-json\/wp\/v2\/users\/3"}],"replies":[{"embeddable":true,"href":"https:\/\/amble-sellier.com\/index.php\/wp-json\/wp\/v2\/comments?post=1124"}],"version-history":[{"count":84,"href":"https:\/\/amble-sellier.com\/index.php\/wp-json\/wp\/v2\/pages\/1124\/revisions"}],"predecessor-version":[{"id":4042,"href":"https:\/\/amble-sellier.com\/index.php\/wp-json\/wp\/v2\/pages\/1124\/revisions\/4042"}],"wp:attachment":[{"href":"https:\/\/amble-sellier.com\/index.php\/wp-json\/wp\/v2\/media?parent=1124"}],"curies":[{"name":"wp","href":"https:\/\/api.w.org\/{rel}","templated":true}]}}